{"id":199,"date":"2021-06-27T09:57:19","date_gmt":"2021-06-27T09:57:19","guid":{"rendered":"https:\/\/nicocasey.com\/?page_id=199"},"modified":"2021-08-29T19:59:39","modified_gmt":"2021-08-29T19:59:39","slug":"servicios","status":"publish","type":"page","link":"https:\/\/nicocasey.com\/?page_id=199","title":{"rendered":"Servicios"},"content":{"rendered":"<p>[et_pb_section fb_built=&#8221;1&#8243; _builder_version=&#8221;4.9.7&#8243; _module_preset=&#8221;default&#8221; global_colors_info=&#8221;{}&#8221;][et_pb_row column_structure=&#8221;1_3,1_3,1_3&#8243; _builder_version=&#8221;4.9.7&#8243; _module_preset=&#8221;default&#8221; global_colors_info=&#8221;{}&#8221;][et_pb_column type=&#8221;1_3&#8243; _builder_version=&#8221;4.9.7&#8243; _module_preset=&#8221;default&#8221; global_colors_info=&#8221;{}&#8221;][et_pb_blurb title=&#8221;Audiovisual&#8221; _builder_version=&#8221;4.9.7&#8243; _module_preset=&#8221;default&#8221; text_orientation=&#8221;center&#8221; global_colors_info=&#8221;{}&#8221;]<\/p>\n<p>Fotograf\u00eda<\/p>\n<p>Video<\/p>\n<p>Edici\u00f3n<\/p>\n<p>[\/et_pb_blurb][et_pb_image src=&#8221;https:\/\/nicocasey.com\/wp-content\/uploads\/2021\/08\/wild-born-servicios.jpg&#8221; _builder_version=&#8221;4.10.3&#8243; _module_preset=&#8221;default&#8221; title_text=&#8221;wild-born-servicios&#8221; hover_enabled=&#8221;0&#8243; sticky_enabled=&#8221;0&#8243;][\/et_pb_image][\/et_pb_column][et_pb_column type=&#8221;1_3&#8243; _builder_version=&#8221;4.9.7&#8243; _module_preset=&#8221;default&#8221; global_colors_info=&#8221;{}&#8221;][et_pb_blurb title=&#8221;Dise\u00f1o&#8221; _builder_version=&#8221;4.9.7&#8243; _module_preset=&#8221;default&#8221; text_orientation=&#8221;center&#8221; global_colors_info=&#8221;{}&#8221;]<\/p>\n<p>Dise\u00f1o Gr\u00e1fico<\/p>\n<p>Dise\u00f1o de Gr\u00e1fica Impresa<\/p>\n<p>Dise\u00f1o de Moda y Textil<\/p>\n<p>[\/et_pb_blurb][et_pb_image src=&#8221;https:\/\/nicocasey.com\/wp-content\/uploads\/2021\/06\/dia-internacional-de-la-eliminacion-de-la-violencia-de-genero-vertical-web-scaled.jpg&#8221; title_text=&#8221;dia-internacional-de-la-eliminacion-de-la-violencia-de-genero-vertical-web&#8221; _builder_version=&#8221;4.9.7&#8243; _module_preset=&#8221;default&#8221; global_colors_info=&#8221;{}&#8221;][\/et_pb_image][\/et_pb_column][et_pb_column type=&#8221;1_3&#8243; _builder_version=&#8221;4.9.7&#8243; _module_preset=&#8221;default&#8221; global_colors_info=&#8221;{}&#8221;][et_pb_blurb title=&#8221;Web y App&#8221; _builder_version=&#8221;4.9.7&#8243; _module_preset=&#8221;default&#8221; text_orientation=&#8221;center&#8221; global_colors_info=&#8221;{}&#8221;]<\/p>\n<p>CMS<\/p>\n<p>CRM<\/p>\n<p>UX<\/p>\n<p>[\/et_pb_blurb][et_pb_image src=&#8221;https:\/\/nicocasey.com\/wp-content\/uploads\/2021\/08\/crm-google_analytics-servicios.jpg&#8221; title_text=&#8221;crm-google_analytics-servicios&#8221; _builder_version=&#8221;4.10.3&#8243; _module_preset=&#8221;default&#8221; hover_enabled=&#8221;0&#8243; global_colors_info=&#8221;{}&#8221; border_color_all=&#8221;#000000&#8243; border_width_all=&#8221;3px&#8221; sticky_enabled=&#8221;0&#8243;][\/et_pb_image][\/et_pb_column][\/et_pb_row][\/et_pb_section]<\/p>\n","protected":false},"excerpt":{"rendered":"<p>Fotograf\u00eda Video Edici\u00f3nDise\u00f1o Gr\u00e1fico Dise\u00f1o de Gr\u00e1fica Impresa Dise\u00f1o de Moda y TextilCMS CRM UX<\/p>\n","protected":false},"author":1,"featured_media":0,"parent":0,"menu_order":0,"comment_status":"closed","ping_status":"closed","template":"","meta":{"_et_pb_use_builder":"on","_et_pb_old_content":"","_et_gb_content_width":"","footnotes":""},"class_list":["post-199","page","type-page","status-publish","hentry"],"_links":{"self":[{"href":"https:\/\/nicocasey.com\/index.php?rest_route=\/wp\/v2\/pages\/199","targetHints":{"allow":["GET"]}}],"collection":[{"href":"https:\/\/nicocasey.com\/index.php?rest_route=\/wp\/v2\/pages"}],"about":[{"href":"https:\/\/nicocasey.com\/index.php?rest_route=\/wp\/v2\/types\/page"}],"author":[{"embeddable":true,"href":"https:\/\/nicocasey.com\/index.php?rest_route=\/wp\/v2\/users\/1"}],"replies":[{"embeddable":true,"href":"https:\/\/nicocasey.com\/index.php?rest_route=%2Fwp%2Fv2%2Fcomments&post=199"}],"version-history":[{"count":13,"href":"https:\/\/nicocasey.com\/index.php?rest_route=\/wp\/v2\/pages\/199\/revisions"}],"predecessor-version":[{"id":422,"href":"https:\/\/nicocasey.com\/index.php?rest_route=\/wp\/v2\/pages\/199\/revisions\/422"}],"wp:attachment":[{"href":"https:\/\/nicocasey.com\/index.php?rest_route=%2Fwp%2Fv2%2Fmedia&parent=199"}],"curies":[{"name":"wp","href":"https:\/\/api.w.org\/{rel}","templated":true}]}}