{"id":208,"date":"2021-07-10T19:57:25","date_gmt":"2021-07-10T19:57:25","guid":{"rendered":"https:\/\/nicocasey.com\/?page_id=208"},"modified":"2022-01-22T21:50:07","modified_gmt":"2022-01-22T21:50:07","slug":"privacidad-y-cookies","status":"publish","type":"page","link":"https:\/\/nicocasey.com\/?page_id=208","title":{"rendered":"Privacidad y Legal"},"content":{"rendered":"<p>[et_pb_section fb_built=&#8221;1&#8243; admin_label=&#8221;section&#8221; _builder_version=&#8221;3.22&#8243; global_colors_info=&#8221;{}&#8221;][et_pb_row admin_label=&#8221;row&#8221; _builder_version=&#8221;3.25&#8243; background_size=&#8221;initial&#8221; background_position=&#8221;top_left&#8221; background_repeat=&#8221;repeat&#8221; global_colors_info=&#8221;{}&#8221;][et_pb_column type=&#8221;4_4&#8243; _builder_version=&#8221;3.25&#8243; custom_padding=&#8221;|||&#8221; global_colors_info=&#8221;{}&#8221; custom_padding__hover=&#8221;|||&#8221;][et_pb_text admin_label=&#8221;Text&#8221; _builder_version=&#8221;4.14.7&#8243; background_size=&#8221;initial&#8221; background_position=&#8221;top_left&#8221; background_repeat=&#8221;repeat&#8221; hover_enabled=&#8221;0&#8243; global_colors_info=&#8221;{}&#8221; sticky_enabled=&#8221;0&#8243;]<\/p>\n<p><!-- divi:heading --><\/p>\n<h2>\u00bfQui\u00e9n soy?<\/h2>\n<p>Mi nombre es Nicol\u00e1s Enrique Casey Pardo y soy el responsable de nicocasey.com.<\/p>\n<h2>Contenido<\/h2>\n<p>El contenido est\u00e1 sujeto al copyright y derechos de Nicol\u00e1s Enrique Casey Pardo, su creador. Puedes contactar en nicocasey.com o ncaseypardo@gmail.com.<\/p>\n<h2>Contacto<\/h2>\n<p>Puede contactar a trav\u00e9s del formulario de contacto o <a href=\"mailto:ncaseypardo@gmail.com\">ncaseypardo@gmail.com<\/a>.<\/p>\n<h2>Contenido de otros sitios web<\/h2>\n<p>Los art\u00edculos de este sitio pueden incluir contenido incrustado (por ejemplo, videos, im\u00e1genes, art\u00edculos, etc.). El contenido incrustado de otros sitios web se comporta exactamente de la misma manera que si el visitante hubiera visitado el otro sitio web.<\/p>\n<p>Estos sitios web pueden recopilar datos sobre usted, utilizar cookies, incrustar un seguimiento adicional de terceros y supervisar su interacci\u00f3n con ese contenido incrustado, incluido el seguimiento de su interacci\u00f3n con el contenido incrustado si tiene una cuenta y ha iniciado sesi\u00f3n en ese sitio web.<\/p>\n<h2>\u00bfQu\u00e9 datos personales recopilo y por qu\u00e9?<\/h2>\n<p>Formularios de contacto, cookies, anal\u00edtica y registros de compra. Se recopilan para ofrecer el mejor servicio y garant\u00edas.<\/p>\n<h2>\u00bfCon qui\u00e9n comparto datos?<\/h2>\n<p class=\"privacy-policy-tutorial\">No comparto datos directamente con terceros.<\/p>\n<h2>\u00bfCu\u00e1nto tiempo conservo datos?<\/h2>\n<p class=\"privacy-policy-tutorial\">Se conservan los formularios de contacto durante seis meses, los an\u00e1lisis durante un a\u00f1o y los registros de compras de los clientes durante un a\u00f1o.<\/p>\n<h2>\u00bfC\u00f3mo protejo datos?<\/h2>\n<p class=\"privacy-policy-tutorial\">Sus datos permanecen almacenados encriptados.<\/p>\n<h2>\u00bfQu\u00e9 derechos tiene sobre sus datos?<\/h2>\n<p class=\"privacy-policy-tutorial\">Puede ejercer sus derechos en cualquier momento a trav\u00e9s del formulario de contacto o <a href=\"mailto:ncaseypardo@gmail.com\">ncaseypardo@gmail.com<\/a>.<\/p>\n<h2>Formularios de contacto<\/h2>\n<p class=\"privacy-policy-tutorial\">El uso del formulario de contacto es para cualquier tipo de cuesti\u00f3n y se recopila.<\/p>\n<h2>Cookies<\/h2>\n<p><span>Esta web usa cookies, y otros mecanismos similares. Las cookies son ficheros enviados a un navegador por medio de un servidor web para registrar las actividades del usuario en una web determinada o en todas las webs, apps y\/o servicios en esta web. La primera finalidad de las cookies es la de facilitar al usuario un acceso m\u00e1s r\u00e1pido y personalizado de los servicios que ofrece. Las cookies se asocian \u00fanicamente a un usuario an\u00f3nimo y su ordenador y no proporcionan referencias que permitan deducir datos personales del usuario.<\/span><\/p>\n<p><span>El usuario podr\u00e1 configurar su navegador para que notifique y rechace la instalaci\u00f3n de las cookies enviadas por esta web, sin que ello perjudique la posibilidad del usuario de acceder a los contenidos. Sin embargo, en todo caso, la calidad de funcionamiento de la p\u00e1gina web puede disminuir. Esta web hace uso de web bugs, que son im\u00e1genes diminutas y transparentes insertadas en los emails. Cuando el usuario abre una comunicaci\u00f3n, esta imagen se descarga junto con el resto del contenido del email y permite conocer si un email concreto ha sido abierto o no, as\u00ed como la direcci\u00f3n IP desde la que se ha descargado. Usamos esta informaci\u00f3n para obtener estad\u00edsticas y poner realizar estudios anal\u00edticos sobre la recepci\u00f3n de sus emails por parte de los usuarios.<\/span><\/p>\n<p>Las cookies, en funci\u00f3n de su permanencia, pueden dividirse en cookies de sesi\u00f3n o permanentes. Las primeras expiran cuando el usuario cierra el navegador. Las segundas expiran en funci\u00f3n cuando se cumpla el objetivo para el que sirven o bien cuando se borran manualmente. Adicionalmente, en funci\u00f3n de su objetivo, las cookies puedes clasificarse de la siguiente forma:<\/p>\n<p><strong>Cookies de rendimiento:<\/strong> este tipo de cookie recuerda sus preferencias para las herramientas que se encuentran en los servicios, por lo que no tiene que volver a configurar el servicio cada vez que usted visita. A modo de ejemplo, en esta tipolog\u00eda se incluyen ajustes de volumen de reproductores de v\u00eddeo o sonido. Las velocidades de transmisi\u00f3n de v\u00eddeo que sean compatibles con su navegador. Los objetos guardados en el \u201ccarrito de la compra\u201d en los servicios de e-commerce tales como tiendas.<\/p>\n<p><strong>Cookies de geolocalizaci\u00f3n:<\/strong> estas cookies son utilizadas para averiguar en qu\u00e9 pa\u00eds se encuentra cuando se solicita un servicio. Esta cookie es totalmente an\u00f3nima, y s\u00f3lo se utiliza para ayudar a orientar el contenido a su ubicaci\u00f3n. Adicionalmente, algunos servicios pueden utilizar conectores con redes sociales tales como Facebook o Twitter. Cuando el usuario se registra en un servicio con credenciales de una red social, autoriza a la red social a guardar una cookie persistente que recuerda su identidad y le garantiza acceso a los servicios hasta que expira. El usuario puede borrar esta cookie y revocar el acceso a los servicios mediante redes sociales actualizando sus preferencias en la red social.<\/p>\n<p><strong>Cookies de anal\u00edtica:<\/strong> cada vez que un usuario visita un servicio, una herramienta de un proveedor externo (Google Analytics) genera una cookie anal\u00edtica en el ordenador del usuario. Esta cookie que s\u00f3lo se genera en la visita, servir\u00e1 en pr\u00f3ximas visitas a nicocasey.com para identificar de forma an\u00f3nima al visitante. Los objetivos principales que se persiguen son: permitir la identificaci\u00f3n an\u00f3nima de los usuarios navegantes a trav\u00e9s de la \u201ccookie\u201d (identifica navegadores y dispositivos, no personas) y por lo tanto la contabilizaci\u00f3n aproximada del n\u00famero de visitantes y su tendencia en el tiempo. Identificar de forma an\u00f3nima los contenidos m\u00e1s visitados y por lo tanto m\u00e1s atractivos para los usuarios saber si el usuario que est\u00e1 accediendo es nuevo o repite visita.<\/p>\n<p>Normalmente es posible dejar de aceptar las cookies del navegador, o dejar de aceptar las cookies de un servicio en particular. Todos los navegadores modernos permiten cambiar la configuraci\u00f3n de cookies. Estos ajustes normalmente se encuentran en las \u2018opciones\u2019 o \u2018preferencias\u2019 del men\u00fa de su navegador. As\u00ed mismo, puede configurar su navegador o su gestor de correo electr\u00f3nico, as\u00ed como instalar complementos gratuitos para evitar que se descarguen los web bugs al abrir un email. Use las siguientes instrucciones seg\u00fan su navegador de internet para cambiar las preferencias de las cookies.<\/p>\n<p><strong>Internet Explorer<\/strong><br \/>Herramientas -&gt; Opciones de Internet -&gt; Privacidad -&gt; Configuraci\u00f3n.<br \/>Para m\u00e1s informaci\u00f3n, puede consultar el soporte de Microsoft o la Ayuda del navegador.<\/p>\n<p><strong>Firefox<\/strong><br \/>Herramientas -&gt; Opciones -&gt; Privacidad -&gt; Historial -&gt; Configuraci\u00f3n Personalizada.<br \/>Para m\u00e1s informaci\u00f3n, puede consultar el soporte de Mozilla o la Ayuda del navegador.<\/p>\n<p><strong>Chrome<\/strong><br \/>Configuraci\u00f3n -&gt; Mostrar opciones avanzadas -&gt; Privacidad -&gt; Configuraci\u00f3n de contenido.<br \/>Para m\u00e1s informaci\u00f3n, puede consultar el soporte de Google o la Ayuda del navegador.<\/p>\n<p><strong>Safari<\/strong><br \/>Preferencias -&gt; Seguridad.<\/p>\n<h2>Anal\u00edtica<\/h2>\n<p class=\"privacy-policy-tutorial\">En nicocasey.com utilizo Google Analytics.<\/p>\n<p><!-- \/divi:paragraph --><\/p>\n<p>[\/et_pb_text][\/et_pb_column][\/et_pb_row][\/et_pb_section]<\/p>\n","protected":false},"excerpt":{"rendered":"<p>\u00bfQui\u00e9n soy? Mi nombre es Nicol\u00e1s Enrique Casey Pardo y soy el responsable de nicocasey.com. Contenido El contenido est\u00e1 sujeto al copyright y derechos de Nicol\u00e1s Enrique Casey Pardo, su creador. Puedes contactar en nicocasey.com o ncaseypardo@gmail.com. Contacto Puede contactar a trav\u00e9s del formulario de contacto o ncaseypardo@gmail.com. Contenido de otros sitios web Los art\u00edculos [&hellip;]<\/p>\n","protected":false},"author":1,"featured_media":0,"parent":0,"menu_order":0,"comment_status":"closed","ping_status":"closed","template":"","meta":{"_et_pb_use_builder":"on","_et_pb_old_content":"","_et_gb_content_width":"","footnotes":""},"class_list":["post-208","page","type-page","status-publish","hentry"],"_links":{"self":[{"href":"https:\/\/nicocasey.com\/index.php?rest_route=\/wp\/v2\/pages\/208","targetHints":{"allow":["GET"]}}],"collection":[{"href":"https:\/\/nicocasey.com\/index.php?rest_route=\/wp\/v2\/pages"}],"about":[{"href":"https:\/\/nicocasey.com\/index.php?rest_route=\/wp\/v2\/types\/page"}],"author":[{"embeddable":true,"href":"https:\/\/nicocasey.com\/index.php?rest_route=\/wp\/v2\/users\/1"}],"replies":[{"embeddable":true,"href":"https:\/\/nicocasey.com\/index.php?rest_route=%2Fwp%2Fv2%2Fcomments&post=208"}],"version-history":[{"count":25,"href":"https:\/\/nicocasey.com\/index.php?rest_route=\/wp\/v2\/pages\/208\/revisions"}],"predecessor-version":[{"id":467,"href":"https:\/\/nicocasey.com\/index.php?rest_route=\/wp\/v2\/pages\/208\/revisions\/467"}],"wp:attachment":[{"href":"https:\/\/nicocasey.com\/index.php?rest_route=%2Fwp%2Fv2%2Fmedia&parent=208"}],"curies":[{"name":"wp","href":"https:\/\/api.w.org\/{rel}","templated":true}]}}